{"id":1126,"date":"2025-12-26T21:40:48","date_gmt":"2025-12-26T20:40:48","guid":{"rendered":"https:\/\/atrium-physiomassage.at\/?page_id=1126"},"modified":"2026-02-21T10:25:54","modified_gmt":"2026-02-21T09:25:54","slug":"impressum","status":"publish","type":"page","link":"https:\/\/atrium-physiomassage.at\/hu\/impressum\/","title":{"rendered":"Impresszum"},"content":{"rendered":"\t\t<div data-elementor-type=\"wp-page\" data-elementor-id=\"1126\" class=\"elementor elementor-1126\">\n\t\t\t\t<div class=\"elementor-element elementor-element-0773a28 e-flex e-con-boxed e-con e-parent\" data-id=\"0773a28\" data-element_type=\"container\" data-e-type=\"container\">\n\t\t\t\t\t<div class=\"e-con-inner\">\n\t\t\t\t<div class=\"elementor-element elementor-element-9cf4270 elementor-widget elementor-widget-text-editor\" data-id=\"9cf4270\" data-element_type=\"widget\" data-e-type=\"widget\" data-widget_type=\"text-editor.default\">\n\t\t\t\t\t\t\t\t\t<h2 class=\"text-text-100 mt-3 -mb-1 text-[1.125rem] font-bold\">IMPRESSUM<\/h2><p class=\"font-claude-response-body break-words whitespace-normal leading-[1.7]\"><strong>Name\/Firma:<\/strong><br \/>Atrium Physio und Massage<\/p><p>Einzelunternehmen<\/p><p class=\"font-claude-response-body break-words whitespace-normal leading-[1.7]\"><strong>Anschrift:<\/strong><br \/>Am Hauptplatz 11<\/p><p>7400 Oberwart<\/p><p>\u00d6sterreich<\/p><p class=\"font-claude-response-body break-words whitespace-normal leading-[1.7]\"><strong>Kontakt:<\/strong><br \/>Telefon: +43 676 7539439<br \/>E-Mail: atriumphysio.massage@gmail.com<br \/>Website: www.atrium-physiomassage.at<\/p><h4 class=\"text-text-100 mt-2 -mb-1 text-base font-bold\">Unternehmensgegenstand<\/h4><p class=\"font-claude-response-body break-words whitespace-normal leading-[1.7]\">Physiotherapie und Massage<\/p><hr class=\"border-border-200 border-t-0.5 my-3 mx-1.5\" \/><h3 class=\"text-text-100 mt-2 -mb-1 text-base font-bold\">Berufsrechtliche Angaben<\/h3><p class=\"font-claude-response-body break-words whitespace-normal leading-[1.7]\"><strong>Berufsbezeichnung:<\/strong><br \/>Physiotherapeutin (f\u00fcr Physiotherapie)<br \/>Gewerblicher Masseur (f\u00fcr Massage)<\/p><p class=\"font-claude-response-body break-words whitespace-normal leading-[1.7]\"><strong>Verleihungsstaat:<\/strong><\/p><p class=\"font-claude-response-body break-words whitespace-normal leading-[1.7]\">Republik \u00d6sterreich<\/p><p>Physiotherapeutin ist im Gesundheitsberuferegister (GBRG) eingetragen: 22-GBR-206227, 29.06.2022<br \/>Zust\u00e4ndige Registrierungsbeh\u00f6rde: Gesundheit \u00d6sterreich GmbH und Bundesarbeitskammer<\/p><p class=\"font-claude-response-body break-words whitespace-normal leading-[1.7]\">Berufsanerkennung: Anerkannt in \u00d6sterreich gem\u00e4\u00df EU Berufsanerkennungsrichtlinie\u00a0\u00a0<\/p><p class=\"font-claude-response-body break-words whitespace-normal leading-[1.7]\"><strong>Zust\u00e4ndige Aufsichtsbeh\u00f6rde:<\/strong><\/p><p>Bezirkshauptmannschaft Oberwart<br \/>Hauptplatz 1, 7400 Oberwart<br \/>E-Mail: bh.oberwart@bgld.gv.at<\/p><p class=\"font-claude-response-body break-words whitespace-normal leading-[1.7]\">F\u00fcr Physiotherapie:<\/p><ul class=\"[li_&amp;]:mb-0 [li_&amp;]:mt-1.5 [li_&amp;]:gap-1.5 [&amp;:not(:last-child)_ul]:pb-1 [&amp;:not(:last-child)_ol]:pb-1 list-disc flex flex-col gap-2 pl-8 mb-3\"><li class=\"whitespace-normal break-words pl-2\">Pr\u00fcfung der Berufsberechtigung und Registrierung: Zust\u00e4ndige Registrierungsbeh\u00f6rde nach Gesundheitsberuferegister-Gesetz (GBRG)<\/li><\/ul><hr class=\"border-border-200 border-t-0.5 my-3 mx-1.5\" \/><h3 class=\"text-text-100 mt-2 -mb-1 text-base font-bold\">Anwendbare Rechtsvorschriften<\/h3><p class=\"font-claude-response-body break-words whitespace-normal leading-[1.7]\"><strong>F\u00fcr Physiotherapie:<\/strong><br \/>MTD-Gesetz (Bundesgesetz \u00fcber die Regelung der gehobenen medizinisch-technischen Dienste)<br \/>BGBl. Nr. 460\/1992 in der jeweils geltenden Fassung<br \/>Abrufbar unter: <a class=\"underline underline underline-offset-2 decoration-1 decoration-current\/40 hover:decoration-current focus:decoration-current\" href=\"https:\/\/www.ris.bka.gv.at\" target=\"_blank\" rel=\"noopener\">https:\/\/www.ris.bka.gv.at<\/a><\/p><p class=\"font-claude-response-body break-words whitespace-normal leading-[1.7]\"><strong>F\u00fcr Massage:<\/strong><br \/>Gewerbeordnung 1994 (GewO 1994)<br \/>BGBl. Nr. 194\/1994 in der jeweils geltenden Fassung<br \/>Abrufbar unter: <a class=\"underline underline underline-offset-2 decoration-1 decoration-current\/40 hover:decoration-current focus:decoration-current\" href=\"https:\/\/www.ris.bka.gv.at\" target=\"_blank\" rel=\"noopener\">https:\/\/www.ris.bka.gv.at<\/a><\/p><hr class=\"border-border-200 border-t-0.5 my-3 mx-1.5\" \/><h3 class=\"text-text-100 mt-2 -mb-1 text-base font-bold\">Kammerzugeh\u00f6rigkeit<\/h3><p class=\"font-claude-response-body break-words whitespace-normal leading-[1.7]\">Wirtschaftskammer Burgenland<br \/>Robert Graf-Platz 1, 7000 Eisenstadt<br \/>Website: <a class=\"underline underline underline-offset-2 decoration-1 decoration-current\/40 hover:decoration-current focus:decoration-current\" href=\"http:\/\/www.wko.at\" target=\"_blank\" rel=\"noopener\">www.wko.at<\/a><\/p><p>F\u00fcr Massageberufe gilt die gewerbliche<strong> Zugeh\u00f6rigkeit zur Wirtschaftskammer \u00d6sterreich (WKO) im Bereich \u201eGewerbliche Massage, Medizinische Masseure, Heilmasseure\u201c.\u00a0<\/strong><\/p><div class=\"address\"><p>Wiedner Hauptstra\u00dfe 63<br \/>1045 Wien<\/p><\/div><div class=\"contact--details\"><ul class=\"m-0 p-0 contacting\"><li><a href=\"mailto:fkm@wko.at\" data-gtm-event=\"kontaktinfo-mail-click\">fkm@wko.at<\/a><\/li><li><a href=\"https:\/\/www.fkm.at\/\" data-gtm-event=\"kontaktinfo-web-click\" target=\"_blank\" rel=\"noopener\">https:\/\/www.fkm.at<\/a><\/li><\/ul><\/div><hr class=\"border-border-200 border-t-0.5 my-3 mx-1.5\" \/><h3 class=\"text-text-100 mt-2 -mb-1 text-base font-bold\">Gewerbebeh\u00f6rdliche Bewilligung<\/h3><p class=\"font-claude-response-body break-words whitespace-normal leading-[1.7]\">Bezirkshauptmannschaft Oberwart<\/p><p><strong>WHR Mag. Peter Bubik<br \/>Beh\u00f6rdenleiter, Bezirkshauptmann<\/strong><\/p><p>Hauptplatz 1<br \/>7400 Oberwart<br \/>Mail: <a href=\"mailto:bh.oberwart@bgld.gv.at\" rel=\"noopener\">bh.oberwart(at)bgld.gv.at<\/a><\/p><hr class=\"border-border-200 border-t-0.5 my-3 mx-1.5\" \/><h3 class=\"text-text-100 mt-2 -mb-1 text-base font-bold\">Haftungsausschluss<\/h3><p class=\"font-claude-response-body break-words whitespace-normal leading-[1.7]\"><strong>Haftung f\u00fcr Inhalte:<\/strong><br \/>Die Inhalte dieser Website wurden mit gr\u00f6\u00dfter Sorgfalt erstellt. F\u00fcr die Richtigkeit, Vollst\u00e4ndigkeit und Aktualit\u00e4t der Inhalte k\u00f6nnen wir jedoch keine Gew\u00e4hr \u00fcbernehmen. Als Diensteanbieter sind wir gem\u00e4\u00df \u00a7 7 Abs.1 ECG f\u00fcr eigene Inhalte auf diesen Seiten nach den allgemeinen Gesetzen verantwortlich.<\/p><p class=\"font-claude-response-body break-words whitespace-normal leading-[1.7]\"><strong>Haftung f\u00fcr Links:<\/strong><br \/>Unser Angebot enth\u00e4lt Links zu externen Websites Dritter, auf deren Inhalte wir keinen Einfluss haben. Deshalb k\u00f6nnen wir f\u00fcr diese fremden Inhalte auch keine Gew\u00e4hr \u00fcbernehmen. F\u00fcr die Inhalte der verlinkten Seiten ist stets der jeweilige Anbieter oder Betreiber der Seiten verantwortlich.<\/p><p class=\"font-claude-response-body break-words whitespace-normal leading-[1.7]\"><strong>Urheberrecht:<\/strong><br \/>Die durch die Seitenbetreiber erstellten Inhalte und Werke auf diesen Seiten unterliegen dem \u00f6sterreichischen Urheberrecht. Die Vervielf\u00e4ltigung, Bearbeitung, Verbreitung und jede Art der Verwertung au\u00dferhalb der Grenzen des Urheberrechtes bed\u00fcrfen der schriftlichen Zustimmung des jeweiligen Autors bzw. Erstellers.<\/p><hr class=\"border-border-200 border-t-0.5 my-3 mx-1.5\" \/><h3 class=\"text-text-100 mt-2 -mb-1 text-base font-bold\">Streitschlichtung<\/h3><p class=\"font-claude-response-body break-words whitespace-normal leading-[1.7]\">Die Europ\u00e4ische Kommission stellt eine Plattform zur Online-Streitbeilegung (OS) bereit:<br \/><a class=\"underline underline underline-offset-2 decoration-1 decoration-current\/40 hover:decoration-current focus:decoration-current\" href=\"https:\/\/ec.europa.eu\/consumers\/odr\" target=\"_blank\" rel=\"noopener\">https:\/\/ec.europa.eu\/consumers\/odr<\/a><\/p><p class=\"font-claude-response-body break-words whitespace-normal leading-[1.7]\">Wir sind nicht bereit oder verpflichtet, an Streitbeilegungsverfahren vor einer Verbraucherschlichtungsstelle teilzunehmen.<\/p><hr class=\"border-border-200 border-t-0.5 my-3 mx-1.5\" \/><h3 class=\"text-text-100 mt-2 -mb-1 text-base font-bold\">Konzept, Design &amp; Umsetzung<\/h3><p class=\"font-claude-response-body break-words whitespace-normal leading-[1.7]\">Noam Tomisser<\/p><hr class=\"border-border-200 border-t-0.5 my-3 mx-1.5\" \/><h3 class=\"text-text-100 mt-2 -mb-1 text-base font-bold\">Bildnachweis<\/h3><p class=\"font-claude-response-body break-words whitespace-normal leading-[1.7]\">Florian Tomisser<\/p><hr class=\"border-border-200 border-t-0.5 my-3 mx-1.5\" \/><h3 class=\"text-text-100 mt-2 -mb-1 text-base font-bold\">Grundlegende Richtung der Website (Blattlinie)<\/h3><p class=\"font-claude-response-body break-words whitespace-normal leading-[1.7]\">Information \u00fcber Leistungen im Bereich Physiotherapie und Massage, Vorstellung der Praxis, Kontaktm\u00f6glichkeiten f\u00fcr Terminvereinbarungen und allgemeine Gesundheitsinformationen.<\/p>\t\t\t\t\t\t\t\t<\/div>\n\t\t\t\t\t<\/div>\n\t\t\t\t<\/div>\n\t\t\t\t<\/div>\n\t\t","protected":false},"excerpt":{"rendered":"<p>IMPRESSUM Name\/Firma:Atrium Physio und Massage Einzelunternehmen Anschrift:Am Hauptplatz 11 7400 Oberwart \u00d6sterreich Kontakt:Telefon: +43 676 7539439E-Mail: atriumphysio.massage@gmail.comWebsite: www.atrium-physiomassage.at Unternehmensgegenstand Physiotherapie und Massage Berufsrechtliche Angaben Berufsbezeichnung:Physiotherapeutin (f\u00fcr Physiotherapie)Gewerblicher Masseur (f\u00fcr Massage) Verleihungsstaat: Republik \u00d6sterreich Physiotherapeutin ist im Gesundheitsberuferegister (GBRG) eingetragen: 22-GBR-206227, 29.06.2022Zust\u00e4ndige Registrierungsbeh\u00f6rde: Gesundheit \u00d6sterreich GmbH und Bundesarbeitskammer Berufsanerkennung: Anerkannt in \u00d6sterreich gem\u00e4\u00df EU Berufsanerkennungsrichtlinie\u00a0\u00a0 Zust\u00e4ndige [&hellip;]<\/p>\n","protected":false},"author":1,"featured_media":0,"parent":0,"menu_order":0,"comment_status":"closed","ping_status":"closed","template":"","meta":{"footnotes":""},"class_list":["post-1126","page","type-page","status-publish","hentry"],"blocksy_meta":[],"_links":{"self":[{"href":"https:\/\/atrium-physiomassage.at\/hu\/wp-json\/wp\/v2\/pages\/1126","targetHints":{"allow":["GET"]}}],"collection":[{"href":"https:\/\/atrium-physiomassage.at\/hu\/wp-json\/wp\/v2\/pages"}],"about":[{"href":"https:\/\/atrium-physiomassage.at\/hu\/wp-json\/wp\/v2\/types\/page"}],"author":[{"embeddable":true,"href":"https:\/\/atrium-physiomassage.at\/hu\/wp-json\/wp\/v2\/users\/1"}],"replies":[{"embeddable":true,"href":"https:\/\/atrium-physiomassage.at\/hu\/wp-json\/wp\/v2\/comments?post=1126"}],"version-history":[{"count":10,"href":"https:\/\/atrium-physiomassage.at\/hu\/wp-json\/wp\/v2\/pages\/1126\/revisions"}],"predecessor-version":[{"id":1623,"href":"https:\/\/atrium-physiomassage.at\/hu\/wp-json\/wp\/v2\/pages\/1126\/revisions\/1623"}],"wp:attachment":[{"href":"https:\/\/atrium-physiomassage.at\/hu\/wp-json\/wp\/v2\/media?parent=1126"}],"curies":[{"name":"wp","href":"https:\/\/api.w.org\/{rel}","templated":true}]}}